{"id":5724,"date":"2018-09-03T15:36:55","date_gmt":"2018-09-03T13:36:55","guid":{"rendered":"http:\/\/www.wisport.com.pl\/sklep\/uncategorized\/a-grenade-launcher\/"},"modified":"2019-11-07T14:34:14","modified_gmt":"2019-11-07T13:34:14","slug":"a-grenade-launcher","status":"publish","type":"product","link":"https:\/\/www.wisport.com.pl\/en\/shop\/a-grenade-launcher\/","title":{"rendered":"A grenade launcher"},"content":{"rendered":"<p>W sk\u0142ad noszaka CARL GUSTAF wchodzi:<\/p>\n<ul>\n<li>plecak transportowy z od\u0142\u0105czanym system no\u015bnym umo\u017cliwiaj\u0105cym r\u00f3\u017cne konfiguracje<\/li>\n<li>system no\u015bny dla grantnika CARL GUSTAF wykonany z pianki EVA o wysokiej g\u0119sto\u015bci, powycinanej w taki spos\u00f3b aby stabilnie trzyma\u0107 granatnik<\/li>\n<li>pianka umieszczona w pokrowcu z cordury obszytym ta\u015bmami w systemie PALS umo\u017cliwiaj\u0105c przymocowanie do systemu no\u015bnego<\/li>\n<li>ta\u015bmy stabilizuj\u0105ce granatnik CARL GUSTAF z klamrami szybkowyczepnymi<\/li>\n<li>kieszenie na amunicj\u0119 kaliber 84 mm wype\u0142nione piank\u0105 o grubo\u015bci 10 mm\n<ul>\n<li>2 kieszenie d\u0142ugie<\/li>\n<li>3 kieszenie kr\u00f3tkie (spinane zamkiem)<\/li>\n<\/ul>\n<\/li>\n<li>kieszenie kr\u00f3tkie z mo\u017cliwo\u015bci\u0105 spi\u0119cia zamkami tworz\u0105c jeden panel<\/li>\n<li>pokrowiec na celownik wype\u0142niony piank\u0105<\/li>\n<li>kiesze\u0144 cargo na celownik wype\u0142niona piank\u0105<\/li>\n<li>pokrowiec na dysz\u0119 wylotow\u0105 usztywniony piank\u0105 i zaci\u0105gany na sznurek<\/li>\n<li>kosz mocowany ta\u015bmami w systemie PALS do systemu no\u015bnego wype\u0142niony piank\u0105 o grubo\u015bci 10 mm, chroni\u0105cy doln\u0105 cz\u0119\u015b\u0107 granatnika<\/li>\n<li>pokrowiec przeciwdeszczowy<\/li>\n<li>system mocowania he\u0142mu do plecaka<\/li>\n<\/ul>\n<p>Pe\u0142en opis, zdj\u0119cia i specyfikacja plecaka dost\u0119pne na indywidualne zapytanie.<\/p>\n","protected":false},"excerpt":{"rendered":"<p>Carrier for carrying the grenade launcher Carl Gustaf.<\/p>\n","protected":false},"featured_media":2450,"comment_status":"closed","ping_status":"closed","template":"","meta":{"_acf_changed":false},"product_brand":[],"product_cat":[306,308],"product_tag":[],"class_list":{"0":"post-5724","1":"product","2":"type-product","3":"status-publish","4":"has-post-thumbnail","6":"product_cat-backpacks","7":"product_cat-specials","9":"first","10":"onbackorder","11":"shipping-taxable","12":"purchasable","13":"product-type-simple"},"acf":[],"yoast_head":"<!-- This site is optimized with the Yoast SEO plugin v27.4 - https:\/\/yoast.com\/product\/yoast-seo-wordpress\/ -->\n<title>A grenade launcher - WISPORT<\/title>\n<meta name=\"robots\" content=\"index, follow, max-snippet:-1, max-image-preview:large, max-video-preview:-1\" \/>\n<link rel=\"canonical\" href=\"https:\/\/www.wisport.com.pl\/en\/shop\/a-grenade-launcher\/\" \/>\n<meta property=\"og:locale\" content=\"en_US\" \/>\n<meta property=\"og:type\" content=\"article\" \/>\n<meta property=\"og:title\" content=\"A grenade launcher - WISPORT\" \/>\n<meta property=\"og:description\" content=\"Carrier for carrying the grenade launcher Carl Gustaf.\" \/>\n<meta property=\"og:url\" content=\"https:\/\/www.wisport.com.pl\/en\/shop\/a-grenade-launcher\/\" \/>\n<meta property=\"og:site_name\" content=\"WISPORT\" \/>\n<meta property=\"article:modified_time\" content=\"2019-11-07T13:34:14+00:00\" \/>\n<meta property=\"og:image\" content=\"https:\/\/www.wisport.com.pl\/wp-content\/uploads\/Zasobnik-Gustaf_main.jpg\" \/>\n\t<meta property=\"og:image:width\" content=\"2000\" \/>\n\t<meta property=\"og:image:height\" content=\"2000\" \/>\n\t<meta property=\"og:image:type\" content=\"image\/jpeg\" \/>\n<meta name=\"twitter:card\" content=\"summary_large_image\" \/>\n<meta name=\"twitter:label1\" content=\"Est. reading time\" \/>\n\t<meta name=\"twitter:data1\" content=\"1 minute\" \/>\n<script type=\"application\/ld+json\" class=\"yoast-schema-graph\">{\"@context\":\"https:\\\/\\\/schema.org\",\"@graph\":[{\"@type\":\"WebPage\",\"@id\":\"https:\\\/\\\/www.wisport.com.pl\\\/en\\\/shop\\\/a-grenade-launcher\\\/\",\"url\":\"https:\\\/\\\/www.wisport.com.pl\\\/en\\\/shop\\\/a-grenade-launcher\\\/\",\"name\":\"A grenade launcher - WISPORT\",\"isPartOf\":{\"@id\":\"https:\\\/\\\/www.wisport.com.pl\\\/#website\"},\"primaryImageOfPage\":{\"@id\":\"https:\\\/\\\/www.wisport.com.pl\\\/en\\\/shop\\\/a-grenade-launcher\\\/#primaryimage\"},\"image\":{\"@id\":\"https:\\\/\\\/www.wisport.com.pl\\\/en\\\/shop\\\/a-grenade-launcher\\\/#primaryimage\"},\"thumbnailUrl\":\"https:\\\/\\\/www.wisport.com.pl\\\/wp-content\\\/uploads\\\/Zasobnik-Gustaf_main.jpg\",\"datePublished\":\"2018-09-03T13:36:55+00:00\",\"dateModified\":\"2019-11-07T13:34:14+00:00\",\"breadcrumb\":{\"@id\":\"https:\\\/\\\/www.wisport.com.pl\\\/en\\\/shop\\\/a-grenade-launcher\\\/#breadcrumb\"},\"inLanguage\":\"en-US\",\"potentialAction\":[{\"@type\":\"ReadAction\",\"target\":[\"https:\\\/\\\/www.wisport.com.pl\\\/en\\\/shop\\\/a-grenade-launcher\\\/\"]}]},{\"@type\":\"ImageObject\",\"inLanguage\":\"en-US\",\"@id\":\"https:\\\/\\\/www.wisport.com.pl\\\/en\\\/shop\\\/a-grenade-launcher\\\/#primaryimage\",\"url\":\"https:\\\/\\\/www.wisport.com.pl\\\/wp-content\\\/uploads\\\/Zasobnik-Gustaf_main.jpg\",\"contentUrl\":\"https:\\\/\\\/www.wisport.com.pl\\\/wp-content\\\/uploads\\\/Zasobnik-Gustaf_main.jpg\",\"width\":2000,\"height\":2000},{\"@type\":\"BreadcrumbList\",\"@id\":\"https:\\\/\\\/www.wisport.com.pl\\\/en\\\/shop\\\/a-grenade-launcher\\\/#breadcrumb\",\"itemListElement\":[{\"@type\":\"ListItem\",\"position\":1,\"name\":\"Home\",\"item\":\"https:\\\/\\\/www.wisport.com.pl\\\/en\\\/\"},{\"@type\":\"ListItem\",\"position\":2,\"name\":\"Shop\",\"item\":\"https:\\\/\\\/www.wisport.com.pl\\\/en\\\/shop\\\/\"},{\"@type\":\"ListItem\",\"position\":3,\"name\":\"Backpacks\",\"item\":\"https:\\\/\\\/www.wisport.com.pl\\\/en\\\/product-category\\\/backpacks\\\/\"},{\"@type\":\"ListItem\",\"position\":4,\"name\":\"Specials\",\"item\":\"https:\\\/\\\/www.wisport.com.pl\\\/en\\\/product-category\\\/backpacks\\\/specials\\\/\"},{\"@type\":\"ListItem\",\"position\":5,\"name\":\"A grenade launcher\"}]},{\"@type\":\"WebSite\",\"@id\":\"https:\\\/\\\/www.wisport.com.pl\\\/#website\",\"url\":\"https:\\\/\\\/www.wisport.com.pl\\\/\",\"name\":\"WISPORT\",\"description\":\"Polski producent sprz\u0119tu outdoorowego\",\"potentialAction\":[{\"@type\":\"SearchAction\",\"target\":{\"@type\":\"EntryPoint\",\"urlTemplate\":\"https:\\\/\\\/www.wisport.com.pl\\\/?s={search_term_string}\"},\"query-input\":{\"@type\":\"PropertyValueSpecification\",\"valueRequired\":true,\"valueName\":\"search_term_string\"}}],\"inLanguage\":\"en-US\"}]}<\/script>\n<!-- \/ Yoast SEO plugin. -->","yoast_head_json":{"title":"A grenade launcher - WISPORT","robots":{"index":"index","follow":"follow","max-snippet":"max-snippet:-1","max-image-preview":"max-image-preview:large","max-video-preview":"max-video-preview:-1"},"canonical":"https:\/\/www.wisport.com.pl\/en\/shop\/a-grenade-launcher\/","og_locale":"en_US","og_type":"article","og_title":"A grenade launcher - WISPORT","og_description":"Carrier for carrying the grenade launcher Carl Gustaf.","og_url":"https:\/\/www.wisport.com.pl\/en\/shop\/a-grenade-launcher\/","og_site_name":"WISPORT","article_modified_time":"2019-11-07T13:34:14+00:00","og_image":[{"width":2000,"height":2000,"url":"https:\/\/www.wisport.com.pl\/wp-content\/uploads\/Zasobnik-Gustaf_main.jpg","type":"image\/jpeg"}],"twitter_card":"summary_large_image","twitter_misc":{"Est. reading time":"1 minute"},"schema":{"@context":"https:\/\/schema.org","@graph":[{"@type":"WebPage","@id":"https:\/\/www.wisport.com.pl\/en\/shop\/a-grenade-launcher\/","url":"https:\/\/www.wisport.com.pl\/en\/shop\/a-grenade-launcher\/","name":"A grenade launcher - WISPORT","isPartOf":{"@id":"https:\/\/www.wisport.com.pl\/#website"},"primaryImageOfPage":{"@id":"https:\/\/www.wisport.com.pl\/en\/shop\/a-grenade-launcher\/#primaryimage"},"image":{"@id":"https:\/\/www.wisport.com.pl\/en\/shop\/a-grenade-launcher\/#primaryimage"},"thumbnailUrl":"https:\/\/www.wisport.com.pl\/wp-content\/uploads\/Zasobnik-Gustaf_main.jpg","datePublished":"2018-09-03T13:36:55+00:00","dateModified":"2019-11-07T13:34:14+00:00","breadcrumb":{"@id":"https:\/\/www.wisport.com.pl\/en\/shop\/a-grenade-launcher\/#breadcrumb"},"inLanguage":"en-US","potentialAction":[{"@type":"ReadAction","target":["https:\/\/www.wisport.com.pl\/en\/shop\/a-grenade-launcher\/"]}]},{"@type":"ImageObject","inLanguage":"en-US","@id":"https:\/\/www.wisport.com.pl\/en\/shop\/a-grenade-launcher\/#primaryimage","url":"https:\/\/www.wisport.com.pl\/wp-content\/uploads\/Zasobnik-Gustaf_main.jpg","contentUrl":"https:\/\/www.wisport.com.pl\/wp-content\/uploads\/Zasobnik-Gustaf_main.jpg","width":2000,"height":2000},{"@type":"BreadcrumbList","@id":"https:\/\/www.wisport.com.pl\/en\/shop\/a-grenade-launcher\/#breadcrumb","itemListElement":[{"@type":"ListItem","position":1,"name":"Home","item":"https:\/\/www.wisport.com.pl\/en\/"},{"@type":"ListItem","position":2,"name":"Shop","item":"https:\/\/www.wisport.com.pl\/en\/shop\/"},{"@type":"ListItem","position":3,"name":"Backpacks","item":"https:\/\/www.wisport.com.pl\/en\/product-category\/backpacks\/"},{"@type":"ListItem","position":4,"name":"Specials","item":"https:\/\/www.wisport.com.pl\/en\/product-category\/backpacks\/specials\/"},{"@type":"ListItem","position":5,"name":"A grenade launcher"}]},{"@type":"WebSite","@id":"https:\/\/www.wisport.com.pl\/#website","url":"https:\/\/www.wisport.com.pl\/","name":"WISPORT","description":"Polski producent sprz\u0119tu outdoorowego","potentialAction":[{"@type":"SearchAction","target":{"@type":"EntryPoint","urlTemplate":"https:\/\/www.wisport.com.pl\/?s={search_term_string}"},"query-input":{"@type":"PropertyValueSpecification","valueRequired":true,"valueName":"search_term_string"}}],"inLanguage":"en-US"}]}},"_links":{"self":[{"href":"https:\/\/www.wisport.com.pl\/en\/wp-json\/wp\/v2\/product\/5724","targetHints":{"allow":["GET"]}}],"collection":[{"href":"https:\/\/www.wisport.com.pl\/en\/wp-json\/wp\/v2\/product"}],"about":[{"href":"https:\/\/www.wisport.com.pl\/en\/wp-json\/wp\/v2\/types\/product"}],"replies":[{"embeddable":true,"href":"https:\/\/www.wisport.com.pl\/en\/wp-json\/wp\/v2\/comments?post=5724"}],"wp:featuredmedia":[{"embeddable":true,"href":"https:\/\/www.wisport.com.pl\/en\/wp-json\/wp\/v2\/media\/2450"}],"wp:attachment":[{"href":"https:\/\/www.wisport.com.pl\/en\/wp-json\/wp\/v2\/media?parent=5724"}],"wp:term":[{"taxonomy":"product_brand","embeddable":true,"href":"https:\/\/www.wisport.com.pl\/en\/wp-json\/wp\/v2\/product_brand?post=5724"},{"taxonomy":"product_cat","embeddable":true,"href":"https:\/\/www.wisport.com.pl\/en\/wp-json\/wp\/v2\/product_cat?post=5724"},{"taxonomy":"product_tag","embeddable":true,"href":"https:\/\/www.wisport.com.pl\/en\/wp-json\/wp\/v2\/product_tag?post=5724"}],"curies":[{"name":"wp","href":"https:\/\/api.w.org\/{rel}","templated":true}]}}